{"id":15,"date":"2020-03-12T14:22:06","date_gmt":"2020-03-12T14:22:06","guid":{"rendered":"http:\/\/carlospoisa.com.ar\/frances\/?page_id=15"},"modified":"2021-10-27T00:05:22","modified_gmt":"2021-10-27T00:05:22","slug":"videos","status":"publish","type":"page","link":"http:\/\/carlospoisa.com.ar\/frances\/videos\/","title":{"rendered":"Vid\u00e9os"},"content":{"rendered":"\n<figure class=\"wp-block-embed is-type-video is-provider-youtube wp-block-embed-youtube wp-embed-aspect-16-9 wp-has-aspect-ratio\"><div class=\"wp-block-embed__wrapper\">\n<div class=\"nv-iframe-embed\"><iframe loading=\"lazy\" title=\"Premio El Nevado Solidario de  Oro 2021 . Saludos\" width=\"1200\" height=\"675\" src=\"https:\/\/www.youtube.com\/embed\/aRS1exNqDwE?feature=oembed\" frameborder=\"0\" allow=\"accelerometer; autoplay; clipboard-write; encrypted-media; gyroscope; picture-in-picture\" allowfullscreen><\/iframe><\/div>\n<\/div><\/figure>\n\n\n\n<figure class=\"wp-block-embed is-type-video is-provider-youtube wp-block-embed-youtube wp-embed-aspect-16-9 wp-has-aspect-ratio\"><div class=\"wp-block-embed__wrapper\">\n<div class=\"nv-iframe-embed\"><iframe loading=\"lazy\" title=\"Gira Fuerte Calesita\" width=\"1200\" height=\"675\" src=\"https:\/\/www.youtube.com\/embed\/rlLQWI01s3o?feature=oembed\" frameborder=\"0\" allow=\"accelerometer; autoplay; clipboard-write; encrypted-media; gyroscope; picture-in-picture\" allowfullscreen><\/iframe><\/div>\n<\/div><\/figure>\n\n\n\n<figure class=\"wp-block-embed is-type-video is-provider-youtube wp-block-embed-youtube wp-embed-aspect-16-9 wp-has-aspect-ratio\"><div class=\"wp-block-embed__wrapper\">\n<div class=\"nv-iframe-embed\"><iframe loading=\"lazy\" title=\"Primavera de Amor  Autores Carlos Poisa y Carlos Flores\" width=\"1200\" height=\"675\" src=\"https:\/\/www.youtube.com\/embed\/ve2KjIDGwmk?feature=oembed\" frameborder=\"0\" allow=\"accelerometer; autoplay; clipboard-write; encrypted-media; gyroscope; picture-in-picture\" allowfullscreen><\/iframe><\/div>\n<\/div><\/figure>\n\n\n\n<figure class=\"wp-block-embed is-type-video is-provider-youtube wp-block-embed-youtube wp-embed-aspect-16-9 wp-has-aspect-ratio\"><div class=\"wp-block-embed__wrapper\">\n<div class=\"nv-iframe-embed\"><iframe loading=\"lazy\" title=\"Regalame esta Noche\" width=\"1200\" height=\"675\" src=\"https:\/\/www.youtube.com\/embed\/_orG28Hj1HA?feature=oembed\" frameborder=\"0\" allow=\"accelerometer; autoplay; clipboard-write; encrypted-media; gyroscope; picture-in-picture\" allowfullscreen><\/iframe><\/div>\n<\/div><\/figure>\n\n\n<p><\/p>\n<p><!--StartFragment--><\/p>\n\n\n<figure class=\"wp-block-embed is-type-video is-provider-youtube wp-block-embed-youtube wp-embed-aspect-16-9 wp-has-aspect-ratio\"><div class=\"wp-block-embed__wrapper\">\n<div class=\"nv-iframe-embed\"><iframe loading=\"lazy\" title=\"CARLOS POISA CON SEXTETO BENAVIDEZ EN TACONEANDO 2 PARTE\" width=\"1200\" height=\"675\" src=\"https:\/\/www.youtube.com\/embed\/e4_oS-ifvwU?feature=oembed\" frameborder=\"0\" allow=\"accelerometer; autoplay; clipboard-write; encrypted-media; gyroscope; picture-in-picture\" allowfullscreen><\/iframe><\/div>\n<\/div><\/figure>\n\n\n\n<figure class=\"wp-block-embed is-type-video is-provider-youtube wp-block-embed-youtube wp-embed-aspect-16-9 wp-has-aspect-ratio\"><div class=\"wp-block-embed__wrapper\">\n<div class=\"nv-iframe-embed\"><iframe loading=\"lazy\" title=\"Zamba de Despedida\" width=\"1200\" height=\"675\" src=\"https:\/\/www.youtube.com\/embed\/AqljHvBTPBo?feature=oembed\" frameborder=\"0\" allow=\"accelerometer; autoplay; clipboard-write; encrypted-media; gyroscope; picture-in-picture\" allowfullscreen><\/iframe><\/div>\n<\/div><\/figure>\n\n\n\n<figure class=\"wp-block-embed is-type-video is-provider-youtube wp-block-embed-youtube wp-embed-aspect-16-9 wp-has-aspect-ratio\"><div class=\"wp-block-embed__wrapper\">\n<div class=\"nv-iframe-embed\"><iframe loading=\"lazy\" title=\"Carlos Poisa en Taconeando acompa\u00f1ado por Sexteto Benavidez  Proximamente\" width=\"1200\" height=\"675\" src=\"https:\/\/www.youtube.com\/embed\/D9JpfbD2yjM?feature=oembed\" frameborder=\"0\" allow=\"accelerometer; autoplay; clipboard-write; encrypted-media; gyroscope; picture-in-picture\" allowfullscreen><\/iframe><\/div>\n<\/div><\/figure>\n\n\n\n<figure class=\"wp-block-embed is-type-video is-provider-youtube wp-block-embed-youtube wp-embed-aspect-16-9 wp-has-aspect-ratio\"><div class=\"wp-block-embed__wrapper\">\n<div class=\"nv-iframe-embed\"><iframe loading=\"lazy\" title=\"Caf\u00e9 Torres Santiago de Chile\" width=\"1200\" height=\"675\" src=\"https:\/\/www.youtube.com\/embed\/m9IyOBOFkN8?feature=oembed\" frameborder=\"0\" allow=\"accelerometer; autoplay; clipboard-write; encrypted-media; gyroscope; picture-in-picture\" allowfullscreen><\/iframe><\/div>\n<\/div><\/figure>\n\n\n\n<figure class=\"wp-block-embed is-type-video is-provider-youtube wp-block-embed-youtube wp-embed-aspect-16-9 wp-has-aspect-ratio\"><div class=\"wp-block-embed__wrapper\">\n<div class=\"nv-iframe-embed\"><iframe loading=\"lazy\" title=\"Caf\u00e9  Torres Santiago de Chile dos\" width=\"1200\" height=\"675\" src=\"https:\/\/www.youtube.com\/embed\/OZbXao3FV_4?feature=oembed\" frameborder=\"0\" allow=\"accelerometer; autoplay; clipboard-write; encrypted-media; gyroscope; picture-in-picture\" allowfullscreen><\/iframe><\/div>\n<\/div><\/figure>\n\n\n\n<figure class=\"wp-block-embed is-type-video is-provider-youtube wp-block-embed-youtube wp-embed-aspect-16-9 wp-has-aspect-ratio\"><div class=\"wp-block-embed__wrapper\">\n<div class=\"nv-iframe-embed\"><iframe loading=\"lazy\" title=\"CARLOS POISA \u00a8MARIA\u00a8\" width=\"1200\" height=\"675\" src=\"https:\/\/www.youtube.com\/embed\/X6T4gO2VTQo?feature=oembed\" frameborder=\"0\" allow=\"accelerometer; autoplay; clipboard-write; encrypted-media; gyroscope; picture-in-picture\" allowfullscreen><\/iframe><\/div>\n<\/div><\/figure>\n\n\n\n<p>Nous vous invitons \u00e0 se souvenir de quelques-unes des performances de Carlos Poisa \u00e0 travers ses vid\u00e9os. En plus, sur sa cha\u00eene You Tube\u2026<\/p>\n\n\n\n<figure class=\"wp-block-embed is-type-video is-provider-youtube wp-block-embed-youtube wp-embed-aspect-16-9 wp-has-aspect-ratio\"><div class=\"wp-block-embed__wrapper\">\n<div class=\"nv-iframe-embed\"><iframe loading=\"lazy\" title=\"CARLOS POISA Tango Nostalgias Autores Enrique Cadicamo y Juan Carlos Cobian\" width=\"1200\" height=\"675\" src=\"https:\/\/www.youtube.com\/embed\/2_-4u6qdU-Q?feature=oembed\" frameborder=\"0\" allow=\"accelerometer; autoplay; clipboard-write; encrypted-media; gyroscope; picture-in-picture\" allowfullscreen><\/iframe><\/div>\n<\/div><\/figure>\n\n\n<p><div class=\"nv-iframe-embed\"><iframe loading=\"lazy\" title=\"Tango Cafetin de Buenos Aires Autores Mariano Mores y Enrique Santos Discepolo\" width=\"1200\" height=\"675\" src=\"https:\/\/www.youtube.com\/embed\/RhiN_j__Qjo?feature=oembed\" frameborder=\"0\" allow=\"accelerometer; autoplay; clipboard-write; encrypted-media; gyroscope; picture-in-picture\" allowfullscreen><\/iframe><\/div><\/p>\n<p><!--StartFragment--><\/p>\n\n\n<figure class=\"wp-block-embed is-type-video is-provider-youtube wp-block-embed-youtube wp-embed-aspect-16-9 wp-has-aspect-ratio\"><div class=\"wp-block-embed__wrapper\">\n<div class=\"nv-iframe-embed\"><iframe loading=\"lazy\" title=\"Me Quede Mirandola Autores Vicente Spina y Roberto Miro\" width=\"1200\" height=\"675\" src=\"https:\/\/www.youtube.com\/embed\/Uo6Sot85wKU?feature=oembed\" frameborder=\"0\" allow=\"accelerometer; autoplay; clipboard-write; encrypted-media; gyroscope; picture-in-picture\" allowfullscreen><\/iframe><\/div>\n<\/div><\/figure>\n\n\n<p><!--EndFragment--><\/p>","protected":false},"excerpt":{"rendered":"<p>Nous vous invitons \u00e0 se souvenir de quelques-unes des performances de Carlos Poisa \u00e0 travers ses vid\u00e9os. En plus, sur sa cha\u00eene You Tube\u2026<\/p>\n","protected":false},"author":2,"featured_media":16,"parent":0,"menu_order":0,"comment_status":"closed","ping_status":"closed","template":"","meta":{"neve_meta_sidebar":"","neve_meta_container":"","neve_meta_enable_content_width":"","neve_meta_content_width":0,"neve_meta_title_alignment":"","neve_meta_author_avatar":"","neve_post_elements_order":"","neve_meta_disable_header":"","neve_meta_disable_footer":"","neve_meta_disable_title":"","footnotes":""},"class_list":["post-15","page","type-page","status-publish","has-post-thumbnail","hentry"],"_links":{"self":[{"href":"http:\/\/carlospoisa.com.ar\/frances\/wp-json\/wp\/v2\/pages\/15","targetHints":{"allow":["GET"]}}],"collection":[{"href":"http:\/\/carlospoisa.com.ar\/frances\/wp-json\/wp\/v2\/pages"}],"about":[{"href":"http:\/\/carlospoisa.com.ar\/frances\/wp-json\/wp\/v2\/types\/page"}],"author":[{"embeddable":true,"href":"http:\/\/carlospoisa.com.ar\/frances\/wp-json\/wp\/v2\/users\/2"}],"replies":[{"embeddable":true,"href":"http:\/\/carlospoisa.com.ar\/frances\/wp-json\/wp\/v2\/comments?post=15"}],"version-history":[{"count":13,"href":"http:\/\/carlospoisa.com.ar\/frances\/wp-json\/wp\/v2\/pages\/15\/revisions"}],"predecessor-version":[{"id":156,"href":"http:\/\/carlospoisa.com.ar\/frances\/wp-json\/wp\/v2\/pages\/15\/revisions\/156"}],"wp:featuredmedia":[{"embeddable":true,"href":"http:\/\/carlospoisa.com.ar\/frances\/wp-json\/wp\/v2\/media\/16"}],"wp:attachment":[{"href":"http:\/\/carlospoisa.com.ar\/frances\/wp-json\/wp\/v2\/media?parent=15"}],"curies":[{"name":"wp","href":"https:\/\/api.w.org\/{rel}","templated":true}]}}