{"id":2,"date":"2013-11-06T11:55:36","date_gmt":"2013-11-06T11:55:36","guid":{"rendered":"http:\/\/carlospoisa.com.ar\/frances\/?page_id=2"},"modified":"2020-03-17T19:06:15","modified_gmt":"2020-03-17T19:06:15","slug":"pagina-ejemplo","status":"publish","type":"page","link":"http:\/\/carlospoisa.com.ar\/frances\/pagina-ejemplo\/","title":{"rendered":"Biographie"},"content":{"rendered":"\n<p>Il est n\u00e9 dans la province d&#8217;Entre R\u00edos, le 22 ao\u00fbt, mais sa vie s\u2019est pass\u00e9 compl\u00e8tement dans la ville de Buenos Aires.<br>Ses premiers pas dans la musique &#8211; d\u00e8s son plus jeune \u00e2ge &#8211; ont \u00e9t\u00e9, en principe, le folklore et le tango &#8230; La musique que lui et sa famille entendaient \u00e0 la maison.<br>Sa premi\u00e8re formation fut en trio, qui \u00e0 l&#8217;\u00e9poque s\u2019est pr\u00e9sent\u00e9 au plusieurs endroits de mani\u00e8re amateur, quelques temps apr\u00e8s fut dissous.<br>Bient\u00f4t, il se tourna vers le tango, le genre musical qu&#8217;il aimait le plus.<br>Il a \u00e9t\u00e9 \u00e9lev\u00e9 par des professeurs de chant du Teatro Col\u00f3n.<br>C&#8217;est son professeur, le c\u00e9l\u00e8bre chanteur Roberto Yanes, qui lui transmettra en tant que metteur en sc\u00e8ne, la vocalisation pour le former en tant que chanteur. <\/p>\n\n\n\n<div class=\"wp-block-image\"><figure class=\"aligncenter size-large\"><img loading=\"lazy\" decoding=\"async\" width=\"600\" height=\"552\" src=\"http:\/\/carlospoisa.com.ar\/frances\/wp-content\/uploads\/2020\/03\/7-1.jpg\" alt=\"\" class=\"wp-image-74\" srcset=\"http:\/\/carlospoisa.com.ar\/frances\/wp-content\/uploads\/2020\/03\/7-1.jpg 600w, http:\/\/carlospoisa.com.ar\/frances\/wp-content\/uploads\/2020\/03\/7-1-300x276.jpg 300w\" sizes=\"auto, (max-width: 600px) 100vw, 600px\" \/><\/figure><\/div>\n\n\n\n<p>Son parrain artistique c\u2019est Roberto Rufino, qui l&#8217;a pr\u00e9sent\u00e9 dans de nombreux lieux de tango, et l&#8217;a invit\u00e9 \u00e0 ses pr\u00e9sentations, pendant plus de 10 ans.<\/p>\n\n\n\n<div class=\"wp-block-image\"><figure class=\"alignright\"><img decoding=\"async\" src=\"http:\/\/carlospoisa.com.ar\/imagen\/wp-content\/uploads\/2020\/01\/14.jpg\" alt=\"La imagen tiene un atributo ALT vac\u00edo; su nombre de archivo es 14.jpg\"\/><\/figure><\/div>\n\n\n\n<p>Entre 1993 et, 1996, il a fait plusieurs pr\u00e9sentations \u00e0 Santiago du Chili.<br>Puis il voyage en Espagne et joue dans l&#8217;embl\u00e9matique \u00abViejo Almacen\u00bb \u00e0 Madrid.<br>En 1996, il a commenc\u00e9 \u00e0 jouer dans plusieurs maisons bien connues de San Telmo: Bar Sur, A Media Luz, Mar\u00eda, Tango Sur parmi d&#8217;autres.<br>Parall\u00e8lement il a fait de pr\u00e9sentations \u00e0 diff\u00e9rents lieux au quartier San Isidro: Aeropuerto, el Gran Chaparral, Hanclar, El Candil, Pingo Viejo.<br>En 1998 aux nombreuses pr\u00e9sentations dans la ville de Buenos Aires et en banlieue, il faut ajouter qu\u2019il commence \u00e0 se pr\u00e9senter \u00e0 la t\u00e9l\u00e9: Cr\u00f3nica TV, Solo Tango, etc.<br>En \u00e9t\u00e9 il fait la saison \u00e0 Mar del Plata, Santa Teresita dans restaurants et plusieurs shows avec Jorge Valdez et Roberto Rufino.<br>\u00c0 l\u2019an 2000 il a particip\u00e9 au festival \u00abBuenos Aires Canta\u00bb avec d\u2019autres musiciens et le Trio Estable.<\/p>\n\n\n<p><br>\n<br>\n<!--StartFragment--><\/p>\n\n\n<figure class=\"wp-block-embed-youtube wp-block-embed is-type-video is-provider-youtube wp-embed-aspect-16-9 wp-has-aspect-ratio\"><div class=\"wp-block-embed__wrapper\">\n<div class=\"nv-iframe-embed\"><iframe loading=\"lazy\" title=\"Mu\u00f1eca Brava Carlos Poisa\" width=\"1200\" height=\"675\" src=\"https:\/\/www.youtube.com\/embed\/_fPA09UJBwI?feature=oembed\" frameborder=\"0\" allow=\"accelerometer; autoplay; clipboard-write; encrypted-media; gyroscope; picture-in-picture\" allowfullscreen><\/iframe><\/div>\n<\/div><\/figure>\n\n\n\n<p><br>\u00c0 cette \u00e9poque-l\u00e0 il chantait aussi au Club El Tabano, Viento Norte, Apolo et Sunderlang.<br>Plus tard, \u00e0 l\u2019ann\u00e9e 2019, il se pr\u00e9sentait \u00e0 l\u2019\u00e9mission \u00abFloklorisimo\u00bb de Carlos Giachetti dans la cha\u00eene 26, aussi \u00e0 l\u2019\u00e9mission \u00abArgentinisima Satelital\u00bb et dans plusieurs \u00e9missions de diff\u00e9rentes cha\u00eenes de t\u00e9l\u00e9.<\/p>\n","protected":false},"excerpt":{"rendered":"<p>Il est n\u00e9 dans la province d&#8217;Entre R\u00edos, le 22 ao\u00fbt, mais sa vie s\u2019est pass\u00e9 compl\u00e8tement dans la ville de Buenos Aires.Ses premiers pas dans la musique &#8211; d\u00e8s son plus jeune \u00e2ge &#8211; ont \u00e9t\u00e9, en principe, le folklore et le tango &#8230; La musique que lui et sa famille entendaient \u00e0 la&hellip;&nbsp;<\/p>\n","protected":false},"author":2,"featured_media":4,"parent":0,"menu_order":0,"comment_status":"open","ping_status":"open","template":"","meta":{"neve_meta_sidebar":"","neve_meta_container":"","neve_meta_enable_content_width":"","neve_meta_content_width":0,"neve_meta_title_alignment":"","neve_meta_author_avatar":"","neve_post_elements_order":"","neve_meta_disable_header":"","neve_meta_disable_footer":"","neve_meta_disable_title":"","footnotes":""},"class_list":["post-2","page","type-page","status-publish","has-post-thumbnail","hentry"],"_links":{"self":[{"href":"http:\/\/carlospoisa.com.ar\/frances\/wp-json\/wp\/v2\/pages\/2","targetHints":{"allow":["GET"]}}],"collection":[{"href":"http:\/\/carlospoisa.com.ar\/frances\/wp-json\/wp\/v2\/pages"}],"about":[{"href":"http:\/\/carlospoisa.com.ar\/frances\/wp-json\/wp\/v2\/types\/page"}],"author":[{"embeddable":true,"href":"http:\/\/carlospoisa.com.ar\/frances\/wp-json\/wp\/v2\/users\/2"}],"replies":[{"embeddable":true,"href":"http:\/\/carlospoisa.com.ar\/frances\/wp-json\/wp\/v2\/comments?post=2"}],"version-history":[{"count":7,"href":"http:\/\/carlospoisa.com.ar\/frances\/wp-json\/wp\/v2\/pages\/2\/revisions"}],"predecessor-version":[{"id":76,"href":"http:\/\/carlospoisa.com.ar\/frances\/wp-json\/wp\/v2\/pages\/2\/revisions\/76"}],"wp:featuredmedia":[{"embeddable":true,"href":"http:\/\/carlospoisa.com.ar\/frances\/wp-json\/wp\/v2\/media\/4"}],"wp:attachment":[{"href":"http:\/\/carlospoisa.com.ar\/frances\/wp-json\/wp\/v2\/media?parent=2"}],"curies":[{"name":"wp","href":"https:\/\/api.w.org\/{rel}","templated":true}]}}