{"id":6,"date":"2020-03-12T14:18:35","date_gmt":"2020-03-12T14:18:35","guid":{"rendered":"http:\/\/carlospoisa.com.ar\/frances\/?page_id=6"},"modified":"2020-03-28T21:17:19","modified_gmt":"2020-03-28T21:17:19","slug":"discografia","status":"publish","type":"page","link":"http:\/\/carlospoisa.com.ar\/frances\/discografia\/","title":{"rendered":"Discographie"},"content":{"rendered":"<p><img decoding=\"async\" src=\"http:\/\/carlospoisa.com.ar\/imagen\/wp-content\/uploads\/2020\/01\/2-1-1024x641.jpg\" alt=\"La imagen tiene un atributo ALT vac\u00edo; su nombre de archivo es 2-1-1024x641.jpg\"><\/p>\n\n\n<p>  <strong>\u00abAmigos que yo quiero\u00bb Ann\u00e9e 1999<\/strong> <\/p>\n\n\n\n<ol class=\"wp-block-list\"><li><strong>Amigos que yo quiero<\/strong><\/li><li><strong>Estoy pagando la culpa<\/strong><\/li><li><strong>Fueron 3 a\u00f1os<\/strong><\/li><li><strong>El motivo<\/strong><\/li><li><strong>Destellos<\/strong><\/li><li><strong>Cosas Olvidadas<\/strong><\/li><li><strong>Desorientado <\/strong><\/li><li><strong>Mas solo que nunca<\/strong><\/li><li><strong>Historia de un amor<\/strong><\/li><li><strong>Trasnochando<\/strong><\/li><li><strong>Viejo m\u00edo<\/strong><\/li><li><strong>Que hacemos con mam\u00e1 <\/strong><\/li><li><strong>Al final triunfa el amor<\/strong><\/li><li><strong>Un regalo del cielo<\/strong><\/li><\/ol>\n\n\n\n<figure class=\"wp-block-image size-large\"><img loading=\"lazy\" decoding=\"async\" width=\"800\" height=\"379\" src=\"http:\/\/carlospoisa.com.ar\/frances\/wp-content\/uploads\/2020\/03\/1-2.jpg\" alt=\"\" class=\"wp-image-104\" srcset=\"http:\/\/carlospoisa.com.ar\/frances\/wp-content\/uploads\/2020\/03\/1-2.jpg 800w, http:\/\/carlospoisa.com.ar\/frances\/wp-content\/uploads\/2020\/03\/1-2-300x142.jpg 300w, http:\/\/carlospoisa.com.ar\/frances\/wp-content\/uploads\/2020\/03\/1-2-768x364.jpg 768w\" sizes=\"auto, (max-width: 800px) 100vw, 800px\" \/><\/figure>\n\n\n\n<p> <strong>\u00abTangos\u00bb Ann\u00e9e 2010<\/strong> <\/p>\n\n\n\n<ol class=\"wp-block-list\"><li><strong>No tengo la culpa<\/strong><\/li><li><strong>Como dos extra\u00f1os<\/strong><\/li><li><strong>Carnaval <\/strong><\/li><li><strong>De puro curda<\/strong><\/li><li><strong>No me esperes esta noche<\/strong><\/li><li><strong>Paciencia <\/strong><\/li><li><strong>Ventanita de arrabal<\/strong><\/li><li><strong>Y te parece todav\u00eda<\/strong><\/li><li><strong>Yo Tambi\u00e9n <\/strong><\/li><li><strong>Esta noche de copas<\/strong><\/li><\/ol>\n\n\n\n<figure class=\"wp-block-image size-large\"><img loading=\"lazy\" decoding=\"async\" width=\"800\" height=\"336\" src=\"http:\/\/carlospoisa.com.ar\/frances\/wp-content\/uploads\/2020\/03\/2-1.jpg\" alt=\"\" class=\"wp-image-105\" srcset=\"http:\/\/carlospoisa.com.ar\/frances\/wp-content\/uploads\/2020\/03\/2-1.jpg 800w, http:\/\/carlospoisa.com.ar\/frances\/wp-content\/uploads\/2020\/03\/2-1-300x126.jpg 300w, http:\/\/carlospoisa.com.ar\/frances\/wp-content\/uploads\/2020\/03\/2-1-768x323.jpg 768w\" sizes=\"auto, (max-width: 800px) 100vw, 800px\" \/><\/figure>\n\n\n\n<p><strong>\u201cQuien hubiera dicho\u201d <\/strong> <strong>Ann\u00e9e<\/strong> <strong> 2015<\/strong> <\/p>\n\n\n\n<ul class=\"wp-block-list\"><li><strong>Qui\u00e9n hubiera dicho<\/strong><\/li><li><strong>Trasnochando<\/strong><\/li><li><strong>Como dos extra\u00f1os<\/strong><\/li><li><strong>La \u00faltima copa<\/strong><\/li><li><strong>M\u00e1s solo que nunca<\/strong><\/li><li><strong>Mejor terminar as\u00ed<\/strong><\/li><li><strong>Y no te voy a llorar<\/strong><\/li><li><strong>Mi vieja viola<\/strong><\/li><li><strong>Me han prohibido quererte<\/strong><\/li><li><strong>La abandon\u00e9 y no sab\u00eda<\/strong><\/li><li><strong>Destellos<\/strong><\/li><li><strong>Y te parece todav\u00eda<\/strong><\/li><li><strong>Melod\u00eda de arrabal<\/strong><\/li><li><strong>No tengo la culpa<\/strong><\/li><\/ul>\n\n\n\n<figure class=\"wp-block-image size-large\"><img loading=\"lazy\" decoding=\"async\" width=\"800\" height=\"358\" src=\"http:\/\/carlospoisa.com.ar\/frances\/wp-content\/uploads\/2020\/03\/3-2.jpg\" alt=\"\" class=\"wp-image-106\" srcset=\"http:\/\/carlospoisa.com.ar\/frances\/wp-content\/uploads\/2020\/03\/3-2.jpg 800w, http:\/\/carlospoisa.com.ar\/frances\/wp-content\/uploads\/2020\/03\/3-2-300x134.jpg 300w, http:\/\/carlospoisa.com.ar\/frances\/wp-content\/uploads\/2020\/03\/3-2-768x344.jpg 768w\" sizes=\"auto, (max-width: 800px) 100vw, 800px\" \/><\/figure>\n\n\n\n<p><strong>\u00abMomentos\u00bb Ann\u00e9e 2017<\/strong> <\/p>\n\n\n\n<ul class=\"wp-block-list\"><li><strong>\u00a0Me qued\u00e9 mir\u00e1ndola<\/strong><\/li><li><strong>Despu\u00e9s<\/strong><\/li><li><strong>Un\u00a0 momento<\/strong><\/li><li><strong>La abandon\u00e9 y no sab\u00eda<\/strong><\/li><li><strong>Que solo estoy<\/strong><\/li><li><strong>Milonga sentimental<\/strong><\/li><li><strong>De puro curda<\/strong><\/li><li><strong>Mi vieja viola<\/strong><\/li><li><strong>Alma, coraz\u00f3n y vida<\/strong><\/li><li><strong>Mejor terminar as\u00ed<\/strong><\/li><li><strong>Amigos que yo quiero<\/strong><\/li><li><strong>Estoy pagando la culpa<\/strong><\/li><li><strong>La cumparsita<\/strong><\/li><\/ul>\n\n\n\n<p> <strong>\u201cMomentos\u201d avec Tr\u00edo Benavidez.<\/strong>  <\/p>\n\n\n\n<figure class=\"wp-block-image size-large\"><img loading=\"lazy\" decoding=\"async\" width=\"800\" height=\"337\" src=\"http:\/\/carlospoisa.com.ar\/frances\/wp-content\/uploads\/2020\/03\/4-1.jpg\" alt=\"\" class=\"wp-image-107\" srcset=\"http:\/\/carlospoisa.com.ar\/frances\/wp-content\/uploads\/2020\/03\/4-1.jpg 800w, http:\/\/carlospoisa.com.ar\/frances\/wp-content\/uploads\/2020\/03\/4-1-300x126.jpg 300w, http:\/\/carlospoisa.com.ar\/frances\/wp-content\/uploads\/2020\/03\/4-1-768x324.jpg 768w\" sizes=\"auto, (max-width: 800px) 100vw, 800px\" \/><\/figure>\n\n\n<p><strong data-rich-text-format-boundary=\"true\">\u201cCl\u00e1sicos\u201d Ann\u00e9e 2019<\/strong><br><!--StartFragment--><\/p>\n<p><!--EndFragment--><\/p>\n<ul class=\"rich-text editor-rich-text__editable block-editor-rich-text__editable is-selected\" role=\"textbox\" contenteditable=\"true\" aria-multiline=\"true\" aria-label=\"Escribe una lista\u2026\">\n<li><strong data-rich-text-format-boundary=\"true\">Cafet\u00edn de Buenos Aires<\/strong><\/li>\n<li><strong>Toda mi vida<\/strong><\/li>\n<li><strong>Caminito<\/strong><\/li>\n<li><strong>Mu\u00f1eca brava<\/strong><\/li>\n<li><strong>Mano a mano<\/strong><\/li>\n<li><strong>EL d\u00eda que me quieras<\/strong><\/li>\n<li><strong>Malena<\/strong><\/li>\n<li><strong>Nostalgias<\/strong><\/li>\n<li><strong>Tomo y obligo<\/strong><\/li>\n<li><strong>Por una cabeza<\/strong><\/li>\n<\/ul>\n\n\n<figure class=\"wp-block-gallery columns-2 is-cropped wp-block-gallery-1 is-layout-flex wp-block-gallery-is-layout-flex\"><ul class=\"blocks-gallery-grid\"><li class=\"blocks-gallery-item\"><figure><img loading=\"lazy\" decoding=\"async\" width=\"583\" height=\"512\" src=\"http:\/\/carlospoisa.com.ar\/frances\/wp-content\/uploads\/2020\/03\/1.png\" alt=\"\" data-id=\"47\" data-link=\"http:\/\/carlospoisa.com.ar\/frances\/discografia\/1-2\/\" class=\"wp-image-47\" srcset=\"http:\/\/carlospoisa.com.ar\/frances\/wp-content\/uploads\/2020\/03\/1.png 583w, http:\/\/carlospoisa.com.ar\/frances\/wp-content\/uploads\/2020\/03\/1-300x263.png 300w\" sizes=\"auto, (max-width: 583px) 100vw, 583px\" \/><\/figure><\/li><li class=\"blocks-gallery-item\"><figure><img loading=\"lazy\" decoding=\"async\" width=\"800\" height=\"330\" src=\"http:\/\/carlospoisa.com.ar\/frances\/wp-content\/uploads\/2020\/03\/5-1.jpg\" alt=\"\" data-id=\"108\" data-full-url=\"http:\/\/carlospoisa.com.ar\/frances\/wp-content\/uploads\/2020\/03\/5-1.jpg\" data-link=\"http:\/\/carlospoisa.com.ar\/frances\/discografia\/5-1\/\" class=\"wp-image-108\" srcset=\"http:\/\/carlospoisa.com.ar\/frances\/wp-content\/uploads\/2020\/03\/5-1.jpg 800w, http:\/\/carlospoisa.com.ar\/frances\/wp-content\/uploads\/2020\/03\/5-1-300x124.jpg 300w, http:\/\/carlospoisa.com.ar\/frances\/wp-content\/uploads\/2020\/03\/5-1-768x317.jpg 768w\" sizes=\"auto, (max-width: 800px) 100vw, 800px\" \/><\/figure><\/li><\/ul><\/figure>\n","protected":false},"excerpt":{"rendered":"<p>\u00abAmigos que yo quiero\u00bb Ann\u00e9e 1999 Amigos que yo quiero Estoy pagando la culpa Fueron 3 a\u00f1os El motivo Destellos Cosas Olvidadas Desorientado Mas solo que nunca Historia de un amor Trasnochando Viejo m\u00edo Que hacemos con mam\u00e1 Al final triunfa el amor Un regalo del cielo \u00abTangos\u00bb Ann\u00e9e 2010 No tengo la culpa Como&hellip;&nbsp;<\/p>\n","protected":false},"author":2,"featured_media":7,"parent":0,"menu_order":0,"comment_status":"closed","ping_status":"closed","template":"","meta":{"neve_meta_sidebar":"","neve_meta_container":"","neve_meta_enable_content_width":"","neve_meta_content_width":0,"neve_meta_title_alignment":"","neve_meta_author_avatar":"","neve_post_elements_order":"","neve_meta_disable_header":"","neve_meta_disable_footer":"","neve_meta_disable_title":"","footnotes":""},"class_list":["post-6","page","type-page","status-publish","has-post-thumbnail","hentry"],"_links":{"self":[{"href":"http:\/\/carlospoisa.com.ar\/frances\/wp-json\/wp\/v2\/pages\/6","targetHints":{"allow":["GET"]}}],"collection":[{"href":"http:\/\/carlospoisa.com.ar\/frances\/wp-json\/wp\/v2\/pages"}],"about":[{"href":"http:\/\/carlospoisa.com.ar\/frances\/wp-json\/wp\/v2\/types\/page"}],"author":[{"embeddable":true,"href":"http:\/\/carlospoisa.com.ar\/frances\/wp-json\/wp\/v2\/users\/2"}],"replies":[{"embeddable":true,"href":"http:\/\/carlospoisa.com.ar\/frances\/wp-json\/wp\/v2\/comments?post=6"}],"version-history":[{"count":10,"href":"http:\/\/carlospoisa.com.ar\/frances\/wp-json\/wp\/v2\/pages\/6\/revisions"}],"predecessor-version":[{"id":110,"href":"http:\/\/carlospoisa.com.ar\/frances\/wp-json\/wp\/v2\/pages\/6\/revisions\/110"}],"wp:featuredmedia":[{"embeddable":true,"href":"http:\/\/carlospoisa.com.ar\/frances\/wp-json\/wp\/v2\/media\/7"}],"wp:attachment":[{"href":"http:\/\/carlospoisa.com.ar\/frances\/wp-json\/wp\/v2\/media?parent=6"}],"curies":[{"name":"wp","href":"https:\/\/api.w.org\/{rel}","templated":true}]}}