{"id":106,"date":"2020-01-30T12:34:47","date_gmt":"2020-01-30T12:34:47","guid":{"rendered":"http:\/\/carlospoisa.com.ar\/imagen\/?page_id=106"},"modified":"2020-03-19T19:43:29","modified_gmt":"2020-03-19T19:43:29","slug":"biografia","status":"publish","type":"page","link":"http:\/\/carlospoisa.com.ar\/imagen\/biografia\/","title":{"rendered":"Biograf\u00eda"},"content":{"rendered":"\n<p>Nacido en la Provincia de Entre R\u00edos, un 22 de Agosto.  Aunque su vida transcurri\u00f3 completamente en la Ciudad de Buenos Aires.<\/p>\n\n\n\n<p>Sus primeros pasos en la m\u00fasica -desde muy joven- fueron, en principio, interpretando folklore&#8230; La m\u00fasica que se escuchaba en su casa, tango y folklore.<\/p>\n\n\n\n<div class=\"wp-block-group\"><div class=\"wp-block-group__inner-container is-layout-flow wp-block-group-is-layout-flow\">\n<p>Su primera formaci\u00f3n fue en tr\u00edo,  que al tiempo se disolvi\u00f3, participaron en algunos escenarios, de manera amateur.<\/p>\n<\/div><\/div>\n\n\n\n<p>Prontamente se volc\u00f3 al tango que era\nlo que m\u00e1s le gustaba cantar.<\/p>\n\n\n\n<p>Se form\u00f3 con profesores de canto del Teatro Col\u00f3n.<\/p>\n\n\n\n<p>Tambi\u00e9n fue su profesor el reconocido cantante <strong>Roberto Yanes<\/strong>, quien adem\u00e1s le transmitiera ense\u00f1anzas de manejo de escenario y repertorio, &nbsp;m\u00e1s all\u00e1 de vocalizaci\u00f3n para formarlo como cantante. Actuando varias veces como invitado en sus shows.<\/p>\n\n\n\n<div class=\"wp-block-image\"><figure class=\"aligncenter size-large\"><img loading=\"lazy\" decoding=\"async\" width=\"440\" height=\"404\" src=\"http:\/\/carlospoisa.com.ar\/imagen\/wp-content\/uploads\/2020\/03\/rufino-3-4.jpg\" alt=\"\" class=\"wp-image-227\" srcset=\"http:\/\/carlospoisa.com.ar\/imagen\/wp-content\/uploads\/2020\/03\/rufino-3-4.jpg 440w, http:\/\/carlospoisa.com.ar\/imagen\/wp-content\/uploads\/2020\/03\/rufino-3-4-300x275.jpg 300w\" sizes=\"auto, (max-width: 440px) 100vw, 440px\" \/><\/figure><\/div>\n\n\n\n<p>Su padrino art\u00edstico es <strong>Roberto Rufino<\/strong>, qui\u00e9n lo present\u00f3 en numerosos locales de tango, e invitado a sus presentaciones, durante m\u00e1s de 10 a\u00f1os.<\/p>\n\n\n\n<div class=\"wp-block-image\"><figure class=\"alignright size-large\"><img loading=\"lazy\" decoding=\"async\" width=\"350\" height=\"340\" src=\"http:\/\/carlospoisa.com.ar\/imagen\/wp-content\/uploads\/2020\/01\/14.jpg\" alt=\"\" class=\"wp-image-116\" srcset=\"http:\/\/carlospoisa.com.ar\/imagen\/wp-content\/uploads\/2020\/01\/14.jpg 350w, http:\/\/carlospoisa.com.ar\/imagen\/wp-content\/uploads\/2020\/01\/14-300x291.jpg 300w\" sizes=\"auto, (max-width: 350px) 100vw, 350px\" \/><\/figure><\/div>\n\n\n\n<p>Entre el &#8217;93 y &#8217;96 tuvo varias presentaciones en <strong>Santiago de Chile.<\/strong><\/p>\n\n\n\n<p>Viaja a <strong>Espa\u00f1a<\/strong>, present\u00e1ndose en el emblem\u00e1tico <strong>Viejo almac\u00e9n<\/strong> de Madrid.<\/p>\n\n\n\n<p>En el a\u00f1o 96 comenz\u00f3 a actuar en diversas casas conocidas de San Telmo, Bar Sur, A Media Luz, Mar\u00eda, Tango Sur y otras.<\/p>\n\n\n\n<p>Paralelamente presentaciones con distintas figuras en restaurantes, sociedades de fomento y locales de show, que muchos exist\u00edan cuando la panamericana era angosta, por ejemplo Aeropuerto, el Gran Chaparral, Hanclar, El Candil, Pingo Viejo, situados en el Partido de San Isidro. <\/p>\n\n\n\n<p>A\u00f1o 98, numerosas presentaciones en el GBA y CABA. Presentaciones en programas de televisi\u00f3n en Cr\u00f3nica TV (S\u00e1bados de Tango). Presentaciones en el canal Solo Tango, en canales de cable de Zona Norte. En los veranos, temporada en Mar del Plata, Casa Charly de Walter Ber\u00f3n, compartiendo shows con Jorge Valdez, Roberto Rufino y otros. Actuaciones en Santa Teresita, tanto en canal de cable , como en restaurantes. <\/p>\n\n\n\n<p>A\u00f1o 2000, inauguraci\u00f3n de Buenos Aires Canta, con gran elenco y acompa\u00f1amiento musical trio estable. En adelante actuaciones en fiestas privadas y Club el T\u00e1bano, Viento Norte, Apolo y Sunderlang. <\/p>\n\n\n\n<p>A\u00f1o 2019 actuaciones en Canal 26, programa Folklor\u00edsimo de Carlos Giachetti. Actuaciones en distintos programas de Argentinisima Satelital.<br> Premio a la trayectoria, Festival 6 continentes en San Rafael, Mendoza.<br> Premio a la trayectoria Coronacion de Oro La Docta. <\/p>\n\n\n\n<figure class=\"wp-block-embed-youtube wp-block-embed is-type-video is-provider-youtube wp-embed-aspect-16-9 wp-has-aspect-ratio\"><div class=\"wp-block-embed__wrapper\">\n<iframe loading=\"lazy\" title=\"Mu\u00f1eca Brava Carlos Poisa\" width=\"640\" height=\"360\" src=\"https:\/\/www.youtube.com\/embed\/_fPA09UJBwI?feature=oembed\" frameborder=\"0\" allow=\"accelerometer; autoplay; clipboard-write; encrypted-media; gyroscope; picture-in-picture; web-share\" referrerpolicy=\"strict-origin-when-cross-origin\" allowfullscreen><\/iframe>\n<\/div><\/figure>\n\n\n\n<p>En 2020, viajo a San Pablo \u2013Brasil- a recibir premios a la trayectoria del Premio Iberoamericano El Nevado Solidario de Oro, actuando en la C\u00e1mara de San Pablo y en el Teatro Olido en Sao Paulo, culminando su gira con una visita a la Aldea Ind\u00edgena Tekoi, con fines solidarios.  <\/p>\n","protected":false},"excerpt":{"rendered":"<p>Nacido en la Provincia de Entre R\u00edos, un 22 de Agosto. Aunque su vida transcurri\u00f3 completamente en la Ciudad de [&hellip;]<\/p>\n","protected":false},"author":2,"featured_media":33,"parent":0,"menu_order":0,"comment_status":"closed","ping_status":"closed","template":"","meta":{"footnotes":""},"class_list":["post-106","page","type-page","status-publish","has-post-thumbnail","hentry"],"_links":{"self":[{"href":"http:\/\/carlospoisa.com.ar\/imagen\/wp-json\/wp\/v2\/pages\/106","targetHints":{"allow":["GET"]}}],"collection":[{"href":"http:\/\/carlospoisa.com.ar\/imagen\/wp-json\/wp\/v2\/pages"}],"about":[{"href":"http:\/\/carlospoisa.com.ar\/imagen\/wp-json\/wp\/v2\/types\/page"}],"author":[{"embeddable":true,"href":"http:\/\/carlospoisa.com.ar\/imagen\/wp-json\/wp\/v2\/users\/2"}],"replies":[{"embeddable":true,"href":"http:\/\/carlospoisa.com.ar\/imagen\/wp-json\/wp\/v2\/comments?post=106"}],"version-history":[{"count":8,"href":"http:\/\/carlospoisa.com.ar\/imagen\/wp-json\/wp\/v2\/pages\/106\/revisions"}],"predecessor-version":[{"id":267,"href":"http:\/\/carlospoisa.com.ar\/imagen\/wp-json\/wp\/v2\/pages\/106\/revisions\/267"}],"wp:featuredmedia":[{"embeddable":true,"href":"http:\/\/carlospoisa.com.ar\/imagen\/wp-json\/wp\/v2\/media\/33"}],"wp:attachment":[{"href":"http:\/\/carlospoisa.com.ar\/imagen\/wp-json\/wp\/v2\/media?parent=106"}],"curies":[{"name":"wp","href":"https:\/\/api.w.org\/{rel}","templated":true}]}}