{"id":11,"date":"2020-03-11T19:53:43","date_gmt":"2020-03-11T19:53:43","guid":{"rendered":"http:\/\/carlospoisa.com.ar\/portugues\/?page_id=11"},"modified":"2021-12-10T16:49:43","modified_gmt":"2021-12-10T16:49:43","slug":"contactos","status":"publish","type":"page","link":"http:\/\/carlospoisa.com.ar\/portugues\/contactos\/","title":{"rendered":"Contatos"},"content":{"rendered":"\n<p>Para contrata\u00e7\u00f5es e contato, oferecemos v\u00e1rias modalidades:&nbsp;e-mail, redes sociais ou WhatsApp\u2026<\/p>\n\n\n\n<figure class=\"wp-block-image\"><a href=\"instagram.com\/carlos.epoisa\"><img decoding=\"async\" src=\"http:\/\/carlospoisa.com.ar\/imagen\/wp-content\/uploads\/2020\/03\/Capturaq.png\" alt=\"La imagen tiene un atributo ALT vac\u00edo; su nombre de archivo es Capturaq.png\"\/><\/a><\/figure>\n\n\n\n<figure class=\"wp-block-image\"><a href=\"https:\/\/www.youtube.com\/channel\/UCi8DwNfQWfKxwOUYfyjPoRA\"><img decoding=\"async\" src=\"http:\/\/carlospoisa.com.ar\/imagen\/wp-content\/uploads\/2020\/03\/Capturay.png\" alt=\"La imagen tiene un atributo ALT vac\u00edo; su nombre de archivo es Capturay.png\"\/><\/a><\/figure>\n\n\n\n<figure class=\"wp-block-image\"><a href=\"https:\/\/www.facebook.com\/CarlosPoisa\/\"><img decoding=\"async\" src=\"http:\/\/carlospoisa.com.ar\/imagen\/wp-content\/uploads\/2020\/03\/Capturaf.png\" alt=\"La imagen tiene un atributo ALT vac\u00edo; su nombre de archivo es Capturaf.png\"\/><\/a><\/figure>\n\n\n\n<figure class=\"wp-block-image\"><img decoding=\"async\" src=\"http:\/\/carlospoisa.com.ar\/imagen\/wp-content\/uploads\/2020\/03\/Capturaw.png\" alt=\"La imagen tiene un atributo ALT vac\u00edo; su nombre de archivo es Capturaw.png\"\/><figcaption>54 9 11 6576-0584<\/figcaption><\/figure>\n\n\n\n<figure class=\"wp-block-image size-large\"><a href=\"mailto: carlos.epoisa@gmail.com \"><img loading=\"lazy\" decoding=\"async\" width=\"40\" height=\"40\" src=\"http:\/\/carlospoisa.com.ar\/portugues\/wp-content\/uploads\/2020\/03\/descarga.jpg\" alt=\"\" class=\"wp-image-108\"\/><\/a><figcaption> <em> <\/em><a rel=\"noreferrer noopener\" href=\"mailto:carlos.epoisa@gmail.com\" target=\"_blank\">carlos.epoisa@gmail.com<\/a><em> <\/em> <\/figcaption><\/figure>\n","protected":false},"excerpt":{"rendered":"<p>Para contrata\u00e7\u00f5es e contato, oferecemos v\u00e1rias modalidades:&nbsp;e-mail, redes sociais ou WhatsApp\u2026<\/p>\n","protected":false},"author":2,"featured_media":19,"parent":0,"menu_order":0,"comment_status":"closed","ping_status":"closed","template":"","meta":{"footnotes":""},"class_list":["post-11","page","type-page","status-publish","has-post-thumbnail","hentry"],"_links":{"self":[{"href":"http:\/\/carlospoisa.com.ar\/portugues\/wp-json\/wp\/v2\/pages\/11","targetHints":{"allow":["GET"]}}],"collection":[{"href":"http:\/\/carlospoisa.com.ar\/portugues\/wp-json\/wp\/v2\/pages"}],"about":[{"href":"http:\/\/carlospoisa.com.ar\/portugues\/wp-json\/wp\/v2\/types\/page"}],"author":[{"embeddable":true,"href":"http:\/\/carlospoisa.com.ar\/portugues\/wp-json\/wp\/v2\/users\/2"}],"replies":[{"embeddable":true,"href":"http:\/\/carlospoisa.com.ar\/portugues\/wp-json\/wp\/v2\/comments?post=11"}],"version-history":[{"count":8,"href":"http:\/\/carlospoisa.com.ar\/portugues\/wp-json\/wp\/v2\/pages\/11\/revisions"}],"predecessor-version":[{"id":287,"href":"http:\/\/carlospoisa.com.ar\/portugues\/wp-json\/wp\/v2\/pages\/11\/revisions\/287"}],"wp:featuredmedia":[{"embeddable":true,"href":"http:\/\/carlospoisa.com.ar\/portugues\/wp-json\/wp\/v2\/media\/19"}],"wp:attachment":[{"href":"http:\/\/carlospoisa.com.ar\/portugues\/wp-json\/wp\/v2\/media?parent=11"}],"curies":[{"name":"wp","href":"https:\/\/api.w.org\/{rel}","templated":true}]}}